{"id":151,"date":"2016-04-05T18:47:25","date_gmt":"2016-04-05T16:47:25","guid":{"rendered":"http:\/\/ts.jaka-media.de\/wordpress\/?page_id=151"},"modified":"2020-12-18T10:50:04","modified_gmt":"2020-12-18T09:50:04","slug":"anfahrt","status":"publish","type":"page","link":"https:\/\/www.trueffelschwein-restaurant.de\/en\/kontakt\/anfahrt\/","title":{"rendered":"Anfahrt"},"content":{"rendered":"<h1>So kommen Sie zu uns!<\/h1>\n<h3>Mit dem HVV:<\/h3>\n<p>Die Buslinien 6 und 25 halten am Goldbekplatz und damit praktisch direkt vor unserer T\u00fcr.<br \/>\nHier geht es zur Fahrplanauskunft des HVV<br \/>\n<a href=\"http:\/\/www.hvv.de\/fp.php?id=285bc5e5fd523415d1d680c7d6a53f04\" target=\"_blank\" rel=\"noopener\"><img decoding=\"async\" loading=\"lazy\" src=\"http:\/\/www.hvv.de\/images\/logo_hvv_110x25.png\" alt=\"Mit dem HVV zu uns\" width=\"110\" height=\"25\" border=\"0\"><\/a><\/p>\n<h3>Zu Fu\u00df, mit dem Fahrrad oder mit dem Auto:<\/h3>\n<p>Sie finden uns am M\u00fchlenkamp 54 in Winterhude, direkt am Goldbekplatz.&nbsp;<\/p>\n<p>&nbsp;<\/p>\n","protected":false},"excerpt":{"rendered":"<p>So kommen Sie zu uns! Mit dem HVV: Die Buslinien 6 und 25 halten am Goldbekplatz und damit praktisch direkt vor unserer T\u00fcr. Hier geht es zur Fahrplanauskunft des HVV Zu Fu\u00df, mit dem Fahrrad oder mit dem Auto: Sie finden uns am M\u00fchlenkamp 54 in Winterhude, direkt am Goldbekplatz.&nbsp; &nbsp;<\/p>\n","protected":false},"author":1,"featured_media":0,"parent":82,"menu_order":0,"comment_status":"closed","ping_status":"closed","template":"","meta":[],"translation":{"provider":"WPGlobus","version":"2.12.2","language":"en","enabled_languages":["de","en"],"languages":{"de":{"title":true,"content":true,"excerpt":false},"en":{"title":false,"content":false,"excerpt":false}}},"_links":{"self":[{"href":"https:\/\/www.trueffelschwein-restaurant.de\/en\/wp-json\/wp\/v2\/pages\/151"}],"collection":[{"href":"https:\/\/www.trueffelschwein-restaurant.de\/en\/wp-json\/wp\/v2\/pages"}],"about":[{"href":"https:\/\/www.trueffelschwein-restaurant.de\/en\/wp-json\/wp\/v2\/types\/page"}],"author":[{"embeddable":true,"href":"https:\/\/www.trueffelschwein-restaurant.de\/en\/wp-json\/wp\/v2\/users\/1"}],"replies":[{"embeddable":true,"href":"https:\/\/www.trueffelschwein-restaurant.de\/en\/wp-json\/wp\/v2\/comments?post=151"}],"version-history":[{"count":2,"href":"https:\/\/www.trueffelschwein-restaurant.de\/en\/wp-json\/wp\/v2\/pages\/151\/revisions"}],"predecessor-version":[{"id":314,"href":"https:\/\/www.trueffelschwein-restaurant.de\/en\/wp-json\/wp\/v2\/pages\/151\/revisions\/314"}],"up":[{"embeddable":true,"href":"https:\/\/www.trueffelschwein-restaurant.de\/en\/wp-json\/wp\/v2\/pages\/82"}],"wp:attachment":[{"href":"https:\/\/www.trueffelschwein-restaurant.de\/en\/wp-json\/wp\/v2\/media?parent=151"}],"curies":[{"name":"wp","href":"https:\/\/api.w.org\/{rel}","templated":true}]}}