{"id":270,"date":"2020-12-17T09:55:50","date_gmt":"2020-12-17T08:55:50","guid":{"rendered":"http:\/\/www.trueffelschwein-restaurant.de\/?page_id=270"},"modified":"2021-05-26T12:40:06","modified_gmt":"2021-05-26T10:40:06","slug":"take-away","status":"publish","type":"page","link":"https:\/\/www.trueffelschwein-restaurant.de\/en\/take-away\/","title":{"rendered":"Take Away"},"content":{"rendered":"<h1 style=\"text-align: left;\"><span style=\"font-family: Georgia, Palatino;\">Tr\u00fcffelschwein f\u00fcr&nbsp;Zuhause<\/span><\/h1>\n<p><span style=\"font-family: Georgia, Palatino; font-size: 12pt;\">Hier findet ihr unsere wechselnden <strong>Take Away Angebote<\/strong>, die sich Zuhause mit wenigen Handgriffen ganz einfach erw\u00e4rmen lassen. Alternativ k\u00f6nnt ihr Kleinigkeiten wie Suppen, So\u00dfen, oder Tr\u00fcffelbutter \u00fcber unseren<span style=\"color: #ff0000;\"> <a style=\"color: #ff0000;\" href=\"https:\/\/www.trueffelschwein-restaurant.de\/shop\/\" target=\"_blank\" rel=\"noopener\"><strong>Onlineshop<\/strong> <\/a><\/span>bestellen und dann bei uns abholen oder sich bequem nach Hause schicken lassen.&nbsp;<\/span><\/p>\n<p><span style=\"font-family: Georgia, Palatino; font-size: 12pt;\"><strong>ABHOLUNG DI &#8211; SA ab 12:00<\/strong><\/span><\/p>\n<p><span style=\"font-family: Georgia, Palatino; font-size: 12pt;\">N\u00e4hres Infos unter 040 69 65 64 50 oder info@trueffelschwein-restaurant.de<\/span><\/p>\n<p><span style=\"font-family: Georgia, Palatino; font-size: 12pt;\">CHICKEN TERIYAKI BR\u00d6TCHEN &nbsp; &nbsp; &nbsp; &nbsp; &nbsp; &nbsp; &nbsp; &nbsp; &nbsp; &nbsp; &nbsp; &nbsp;5,00 EUR<\/span><\/p>\n<p><span style=\"font-family: Georgia, Palatino; font-size: 12pt;\">ROASTBEEF BR\u00d6TCHEN &nbsp; &nbsp; &nbsp; &nbsp; &nbsp; &nbsp; &nbsp; &nbsp; &nbsp; &nbsp; &nbsp; &nbsp; &nbsp; &nbsp; &nbsp; &nbsp; &nbsp; &nbsp; &nbsp; 5,00 EUR<\/span><\/p>\n<p><span style=\"font-family: Georgia, Palatino; font-size: 12pt;\">LACHSBAGEL &nbsp; &nbsp; &nbsp; &nbsp; &nbsp; &nbsp; &nbsp; &nbsp; &nbsp; &nbsp; &nbsp; &nbsp; &nbsp; &nbsp; &nbsp; &nbsp; &nbsp; &nbsp; &nbsp; &nbsp; &nbsp; &nbsp; &nbsp; &nbsp; &nbsp; &nbsp; &nbsp; &nbsp; &nbsp; &nbsp;5,50 EUR<\/span><\/p>\n<p><span style=\"font-family: Georgia, Palatino; font-size: 12pt;\">KARTOFFEL-TR\u00dcFFELSUPPE (340ml) &nbsp; &nbsp; &nbsp; &nbsp; &nbsp; &nbsp; &nbsp;5,90 EUR<\/span><\/p>\n<p><span style=\"font-family: Georgia, Palatino; font-size: 12pt;\">SELLERIE-TR\u00dcFFELSUPPE (340ml) &nbsp; &nbsp; &nbsp; &nbsp; &nbsp; &nbsp; &nbsp; &nbsp; &nbsp;5,90 EUR<\/span><\/p>\n<p><span style=\"font-family: Georgia, Palatino; font-size: 12pt;\">TOMATENSUPPE (340ml) &nbsp; &nbsp; &nbsp; &nbsp; &nbsp; &nbsp; &nbsp; &nbsp; &nbsp; &nbsp; &nbsp; &nbsp; &nbsp; &nbsp; &nbsp; &nbsp; &nbsp; &nbsp; &nbsp;5,90 EUR<\/span><\/p>\n<p><span style=\"font-family: Georgia, Palatino; font-size: 12pt;\">KAROTTEN-INGWERSUPPE (340ml) &nbsp; &nbsp; &nbsp; &nbsp; &nbsp; &nbsp; &nbsp; &nbsp; 5,90 EUR&nbsp;<\/span><\/p>\n<p><span style=\"font-family: Georgia, Palatino; font-size: 12pt;\">SPARGELCR\u00c8MESUPPE (340ml) &nbsp; &nbsp; &nbsp; &nbsp; &nbsp; &nbsp; &nbsp; &nbsp; &nbsp; &nbsp; &nbsp; &nbsp; 6,90 EUR<\/span><\/p>\n<p><span style=\"font-family: Georgia, Palatino; font-size: 12pt;\">FISCHSUPPE (340ml) &nbsp; &nbsp; &nbsp; &nbsp; &nbsp; &nbsp; &nbsp; &nbsp; &nbsp; &nbsp; &nbsp; &nbsp; &nbsp; &nbsp; &nbsp; &nbsp; &nbsp; &nbsp; &nbsp; &nbsp; &nbsp; &nbsp; &nbsp;7,00 EUR<\/span><\/p>\n<p><span style=\"font-family: Georgia, Palatino; font-size: 12pt;\">HUMMERSUPPE (340ml) &nbsp; &nbsp; &nbsp; &nbsp; &nbsp; &nbsp; &nbsp; &nbsp; &nbsp; &nbsp; &nbsp; &nbsp; &nbsp; &nbsp; &nbsp; &nbsp; &nbsp; &nbsp; &nbsp; 9,50 EUR<\/span><\/p>\n<p><span style=\"font-family: Georgia, Palatino; font-size: 12pt;\">TR\u00dcFFELPASTA &nbsp; &nbsp; &nbsp; &nbsp; &nbsp; &nbsp; &nbsp; &nbsp; &nbsp; &nbsp; &nbsp; &nbsp; &nbsp; &nbsp; &nbsp; &nbsp; &nbsp; &nbsp; &nbsp; &nbsp; &nbsp; &nbsp; &nbsp; &nbsp; &nbsp; &nbsp; &nbsp;25,00 EUR<\/span><\/p>\n<p><span style=\"font-family: Georgia, Palatino; font-size: 12pt;\">PRALINENMISCHUNG &nbsp;(100g) &nbsp; &nbsp; &nbsp; &nbsp; &nbsp; &nbsp; &nbsp; &nbsp; &nbsp; &nbsp; &nbsp; &nbsp; &nbsp; &nbsp; &nbsp;9,50 EUR<\/span><\/p>\n<p><span style=\"font-family: Georgia, Palatino; font-size: 12pt;\">FILET VON DER EISMEERFORELLE (200g) &nbsp; 10,00 EUR<\/span><\/p>\n<p><span style=\"font-family: Georgia, Palatino; font-size: 12pt;\">GESCHMORTE IBERICO B\u00c4CKCHEN &nbsp; &nbsp; &nbsp; &nbsp; &nbsp; &nbsp; &nbsp; 15,00 EUR<\/span><\/p>\n<p><span style=\"font-size: 12pt; font-family: Georgia, Palatino;\">GESCHMORTE RINDERSCHULTER &nbsp; &nbsp; &nbsp; &nbsp; &nbsp; &nbsp; &nbsp; &nbsp; &nbsp;15,00 EUR<\/span><\/p>\n<p><span style=\"font-family: Georgia, Palatino; font-size: 12pt;\">GESCHMORTE OCHSENBACKE &nbsp; &nbsp; &nbsp; &nbsp; &nbsp; &nbsp; &nbsp; &nbsp; &nbsp; &nbsp; &nbsp; &nbsp; 15,00 EUR<\/span><\/p>\n<p><span style=\"font-size: 12pt; font-family: Georgia, Palatino;\"><strong>ALS BEILAGEN ZUM FLEISCH \/ FISCH K\u00d6NNEN SIE W\u00c4HLEN:<\/strong><\/span><\/p>\n<p><span style=\"font-family: Georgia, Palatino; font-size: 12pt;\"><em><strong>P\u00dcREES JE 200g &nbsp; &nbsp; &nbsp;5,00 EUR &nbsp; &nbsp; &nbsp; &nbsp; &nbsp; &nbsp; GEM\u00dcSE &amp; SONSTIGE BEILAGEN<\/strong><\/em><\/span><\/p>\n<p><span style=\"font-family: Georgia, Palatino; font-size: 12pt;\">SELLERIEP\u00dcREE &nbsp; &nbsp; &nbsp; &nbsp; &nbsp; &nbsp; &nbsp; &nbsp; &nbsp; &nbsp; &nbsp; &nbsp; &nbsp; &nbsp; &nbsp; &nbsp; &nbsp; &nbsp; &nbsp; &nbsp; &nbsp;ROTE BETE &nbsp; &nbsp; &nbsp; &nbsp; &nbsp; &nbsp; &nbsp; &nbsp; &nbsp; &nbsp; &nbsp; &nbsp; &nbsp;3,00 EUR<\/span><\/p>\n<p><span style=\"font-family: Georgia, Palatino; font-size: 12pt;\">BLUMENKOHLP\u00dcREE &nbsp; &nbsp; &nbsp; &nbsp; &nbsp; &nbsp; &nbsp; &nbsp; &nbsp; &nbsp; &nbsp; &nbsp; &nbsp; &nbsp; &nbsp; &nbsp;PETERSILIENWURZEL &nbsp; &nbsp; 3,00 EUR<\/span><\/p>\n<p><span style=\"font-family: Georgia, Palatino; font-size: 12pt;\"> S\u00dcSSKARTOFFELP\u00dcREE &nbsp; &nbsp; &nbsp; &nbsp; &nbsp; &nbsp; &nbsp; &nbsp; &nbsp; &nbsp; &nbsp; &nbsp; &nbsp; KAROTTEN &nbsp; &nbsp; &nbsp; &nbsp; &nbsp; &nbsp; &nbsp; &nbsp; &nbsp; &nbsp; &nbsp; &nbsp; &nbsp; &nbsp;3,00 EUR&nbsp;<\/span><\/p>\n<p><span style=\"font-family: Georgia, Palatino; font-size: 12pt;\">&nbsp; &nbsp; &nbsp; &nbsp; &nbsp; &nbsp; &nbsp; &nbsp; &nbsp; &nbsp; &nbsp; &nbsp; &nbsp; &nbsp; &nbsp; &nbsp; &nbsp; &nbsp; &nbsp;<\/span><span style=\"font-family: Georgia, Palatino; font-size: 12pt;\"> &nbsp; &nbsp; &nbsp; &nbsp; &nbsp; &nbsp;&nbsp;<\/span><\/p>\n<p><span style=\"font-family: Georgia, Palatino; font-size: 12pt;\">&nbsp; &nbsp;&nbsp;<\/span><\/p>\n","protected":false},"excerpt":{"rendered":"<p>Tr\u00fcffelschwein f\u00fcr&nbsp;Zuhause Hier findet ihr unsere wechselnden Take Away Angebote, die sich Zuhause mit wenigen Handgriffen ganz einfach erw\u00e4rmen lassen. Alternativ k\u00f6nnt ihr Kleinigkeiten wie Suppen, So\u00dfen, oder Tr\u00fcffelbutter \u00fcber unseren Onlineshop bestellen und dann bei uns abholen oder sich bequem nach Hause schicken lassen.&nbsp; ABHOLUNG DI &#8211; SA ab 12:00 N\u00e4hres Infos unter 040 [&hellip;]<\/p>\n","protected":false},"author":1,"featured_media":0,"parent":0,"menu_order":0,"comment_status":"closed","ping_status":"closed","template":"","meta":[],"translation":{"provider":"WPGlobus","version":"2.12.2","language":"en","enabled_languages":["de","en"],"languages":{"de":{"title":true,"content":true,"excerpt":false},"en":{"title":false,"content":false,"excerpt":false}}},"_links":{"self":[{"href":"https:\/\/www.trueffelschwein-restaurant.de\/en\/wp-json\/wp\/v2\/pages\/270"}],"collection":[{"href":"https:\/\/www.trueffelschwein-restaurant.de\/en\/wp-json\/wp\/v2\/pages"}],"about":[{"href":"https:\/\/www.trueffelschwein-restaurant.de\/en\/wp-json\/wp\/v2\/types\/page"}],"author":[{"embeddable":true,"href":"https:\/\/www.trueffelschwein-restaurant.de\/en\/wp-json\/wp\/v2\/users\/1"}],"replies":[{"embeddable":true,"href":"https:\/\/www.trueffelschwein-restaurant.de\/en\/wp-json\/wp\/v2\/comments?post=270"}],"version-history":[{"count":103,"href":"https:\/\/www.trueffelschwein-restaurant.de\/en\/wp-json\/wp\/v2\/pages\/270\/revisions"}],"predecessor-version":[{"id":892,"href":"https:\/\/www.trueffelschwein-restaurant.de\/en\/wp-json\/wp\/v2\/pages\/270\/revisions\/892"}],"wp:attachment":[{"href":"https:\/\/www.trueffelschwein-restaurant.de\/en\/wp-json\/wp\/v2\/media?parent=270"}],"curies":[{"name":"wp","href":"https:\/\/api.w.org\/{rel}","templated":true}]}}