{"id":69,"date":"2016-04-04T17:20:35","date_gmt":"2016-04-04T15:20:35","guid":{"rendered":"http:\/\/ts.jaka-media.de\/wordpress\/?page_id=69"},"modified":"2020-12-18T10:43:04","modified_gmt":"2020-12-18T09:43:04","slug":"team","status":"publish","type":"page","link":"https:\/\/www.trueffelschwein-restaurant.de\/en\/team\/","title":{"rendered":"Wir sind&#8230;"},"content":{"rendered":"<h1>Wir sind&#8230;<\/h1>\n<p>\u2026das Herz, der Kopf und der Genuss vom \u201eTr\u00fcffelschwein\u201c. Das, was wir machen, machen wir mit viel Verstand und noch mehr Leidenschaft<\/p>\n<h3>Kirill Kinfelt<\/h3>\n<p><img decoding=\"async\" loading=\"lazy\" class=\"alignright wp-image-20 size-medium\" src=\"http:\/\/www.trueffelschwein-restaurant.de\/wp-content\/uploads\/2016\/04\/Kirill-Kinfelt-300x200.jpg\" alt=\"Kirill Kinfelt\" width=\"300\" height=\"200\"><\/p>\n<p>Sein Handwerk hat Kirill Kinfelt u.a. in zwei der besten Sternek\u00fcchen Deutschlands erlernt:&nbsp;&nbsp;bei Thomas B\u00fchner im \u201eLa Vie\u201c in Osnabr\u00fcck und in Hamburgs ber\u00fchmtem Restaurant \u201eLouis C. Jacob\u201c unter Thomas Martin. In seinem eigenen Restaurant verfolgt er nun einen ganz eigenen Stil und setzt auf moderne Gastlichkeit. Sein Credo lautet dabei, dass Essen Spa\u00df machen soll &#8211; ganz ohne Zw\u00e4nge. Kirill Kinfelt nimmt Sie mit und l\u00e4dt Sie ein, selbst zum Tr\u00fcffeschwein zu werden und immer wieder Neues zu entdecken. Dabei bleibt er seinem hohen kreativen und fachlichen Anspruch immer treu und l\u00e4sst das Produkt einfach Produkt sein. Im August 2018 er\u00f6ffnete Kirill mit seiner Frau Jana zusammen ihr zweites Restaurant. Das &#8220;Kinfelts Kitchen &amp; Wine&#8221; in der HafenCity bietet eine hochwertige Bistrok\u00fcche mit einer umfangreichen und spannenden Weinauswahl, vom besten Sommelier Deutschland, Maximilian Wilm.<\/p>\n<h3>Jana Kinfelt<\/h3>\n<p><img decoding=\"async\" loading=\"lazy\" class=\"alignright wp-image-19 size-medium\" src=\"http:\/\/www.trueffelschwein-restaurant.de\/wp-content\/uploads\/2016\/04\/Jana-Husemann-300x200.jpg\" alt=\"Jana Husemann\" width=\"300\" height=\"200\"><\/p>\n<p>Sie kennt den Alltag im Gastronomie- und Hotelgewerbe von vielen Seiten, ist ausgebildete Hotelfachfrau und hat BWL studiert. Ihre Leidenschaft f\u00fcr exquisite Gastronomie hat sie \u00fcber Jahre zu einer wahren Weinexpertin reifen lassen. Die Weinkarte des Tr\u00fcffelschweins tr\u00e4gt dabei Jana&#8217;s Handschrift und setzt u.a. ganz bewusst auf deutsche (Spitzen-)Weine zu einem fairen Preis. Denn auch der Trinkgenuss soll im Tr\u00fcffelschwein nicht zu kurz kommen.<\/p>\n","protected":false},"excerpt":{"rendered":"<p>Wir sind&#8230; \u2026das Herz, der Kopf und der Genuss vom \u201eTr\u00fcffelschwein\u201c. Das, was wir machen, machen wir mit viel Verstand und noch mehr Leidenschaft Kirill Kinfelt Sein Handwerk hat Kirill Kinfelt u.a. in zwei der besten Sternek\u00fcchen Deutschlands erlernt:&nbsp;&nbsp;bei Thomas B\u00fchner im \u201eLa Vie\u201c in Osnabr\u00fcck und in Hamburgs ber\u00fchmtem Restaurant \u201eLouis C. Jacob\u201c unter [&hellip;]<\/p>\n","protected":false},"author":1,"featured_media":115,"parent":0,"menu_order":0,"comment_status":"closed","ping_status":"closed","template":"","meta":[],"translation":{"provider":"WPGlobus","version":"2.12.2","language":"en","enabled_languages":["de","en"],"languages":{"de":{"title":true,"content":true,"excerpt":false},"en":{"title":false,"content":false,"excerpt":false}}},"_links":{"self":[{"href":"https:\/\/www.trueffelschwein-restaurant.de\/en\/wp-json\/wp\/v2\/pages\/69"}],"collection":[{"href":"https:\/\/www.trueffelschwein-restaurant.de\/en\/wp-json\/wp\/v2\/pages"}],"about":[{"href":"https:\/\/www.trueffelschwein-restaurant.de\/en\/wp-json\/wp\/v2\/types\/page"}],"author":[{"embeddable":true,"href":"https:\/\/www.trueffelschwein-restaurant.de\/en\/wp-json\/wp\/v2\/users\/1"}],"replies":[{"embeddable":true,"href":"https:\/\/www.trueffelschwein-restaurant.de\/en\/wp-json\/wp\/v2\/comments?post=69"}],"version-history":[{"count":2,"href":"https:\/\/www.trueffelschwein-restaurant.de\/en\/wp-json\/wp\/v2\/pages\/69\/revisions"}],"predecessor-version":[{"id":309,"href":"https:\/\/www.trueffelschwein-restaurant.de\/en\/wp-json\/wp\/v2\/pages\/69\/revisions\/309"}],"wp:featuredmedia":[{"embeddable":true,"href":"https:\/\/www.trueffelschwein-restaurant.de\/en\/wp-json\/wp\/v2\/media\/115"}],"wp:attachment":[{"href":"https:\/\/www.trueffelschwein-restaurant.de\/en\/wp-json\/wp\/v2\/media?parent=69"}],"curies":[{"name":"wp","href":"https:\/\/api.w.org\/{rel}","templated":true}]}}