{"id":1042,"date":"2021-12-14T16:59:43","date_gmt":"2021-12-14T15:59:43","guid":{"rendered":"https:\/\/www.trueffelschwein-restaurant.de\/?post_type=product&#038;p=1042"},"modified":"2021-12-14T19:16:26","modified_gmt":"2021-12-14T18:16:26","slug":"trueffelschwein-t-shirt","status":"publish","type":"product","link":"https:\/\/www.trueffelschwein-restaurant.de\/en\/produkt\/trueffelschwein-t-shirt\/","title":{"rendered":"Tr\u00fcffelschwein T-Shirt"},"content":{"rendered":"<p>T-Shirt mit Tr\u00fcffelschwein Logo &amp; R\u00fcckenprint<\/p>\n<p>Farbe: schwarz&nbsp;<\/p>\n<p>100% Baumwolle aus biologischer Herkunft&nbsp;<\/p>\n","protected":false},"excerpt":{"rendered":"<p>Verf\u00fcgbar in den Gr\u00f6\u00dfen S, M, L, XL, XXL<\/p>\n","protected":false},"featured_media":1043,"template":"","meta":[],"product_cat":[46],"product_tag":[],"translation":{"provider":"WPGlobus","version":"2.12.2","language":"en","enabled_languages":["de","en"],"languages":{"de":{"title":true,"content":true,"excerpt":true},"en":{"title":false,"content":false,"excerpt":false}}},"_links":{"self":[{"href":"https:\/\/www.trueffelschwein-restaurant.de\/en\/wp-json\/wp\/v2\/product\/1042"}],"collection":[{"href":"https:\/\/www.trueffelschwein-restaurant.de\/en\/wp-json\/wp\/v2\/product"}],"about":[{"href":"https:\/\/www.trueffelschwein-restaurant.de\/en\/wp-json\/wp\/v2\/types\/product"}],"wp:featuredmedia":[{"embeddable":true,"href":"https:\/\/www.trueffelschwein-restaurant.de\/en\/wp-json\/wp\/v2\/media\/1043"}],"wp:attachment":[{"href":"https:\/\/www.trueffelschwein-restaurant.de\/en\/wp-json\/wp\/v2\/media?parent=1042"}],"wp:term":[{"taxonomy":"product_cat","embeddable":true,"href":"https:\/\/www.trueffelschwein-restaurant.de\/en\/wp-json\/wp\/v2\/product_cat?post=1042"},{"taxonomy":"product_tag","embeddable":true,"href":"https:\/\/www.trueffelschwein-restaurant.de\/en\/wp-json\/wp\/v2\/product_tag?post=1042"}],"curies":[{"name":"wp","href":"https:\/\/api.w.org\/{rel}","templated":true}]}}