{"id":366,"date":"2021-01-07T20:09:26","date_gmt":"2021-01-07T19:09:26","guid":{"rendered":"http:\/\/www.trueffelschwein-restaurant.de\/?post_type=product&#038;p=366"},"modified":"2022-01-27T16:19:18","modified_gmt":"2022-01-27T15:19:18","slug":"trueffelbutter","status":"publish","type":"product","link":"https:\/\/www.trueffelschwein-restaurant.de\/en\/produkt\/trueffelbutter\/","title":{"rendered":"Tr\u00fcffelbutter"},"content":{"rendered":"<p>Zutaten: Butter, frischer Tr\u00fcffel, Salz, Oliven\u00f6l<\/p>\n<p>Allergene: Laktose (Butter)<\/p>\n<p>K\u00fchl lagern und innerhalb einer Woche verbrauchen.<\/p>\n<p>Grundpreis 140\u20ac \/ kg<\/p>\n","protected":false},"excerpt":{"rendered":"<p>Inhalt: 100g<\/p>\n","protected":false},"featured_media":608,"template":"","meta":[],"product_cat":[18],"product_tag":[],"translation":{"provider":"WPGlobus","version":"2.12.2","language":"en","enabled_languages":["de","en"],"languages":{"de":{"title":true,"content":true,"excerpt":true},"en":{"title":false,"content":false,"excerpt":false}}},"_links":{"self":[{"href":"https:\/\/www.trueffelschwein-restaurant.de\/en\/wp-json\/wp\/v2\/product\/366"}],"collection":[{"href":"https:\/\/www.trueffelschwein-restaurant.de\/en\/wp-json\/wp\/v2\/product"}],"about":[{"href":"https:\/\/www.trueffelschwein-restaurant.de\/en\/wp-json\/wp\/v2\/types\/product"}],"wp:featuredmedia":[{"embeddable":true,"href":"https:\/\/www.trueffelschwein-restaurant.de\/en\/wp-json\/wp\/v2\/media\/608"}],"wp:attachment":[{"href":"https:\/\/www.trueffelschwein-restaurant.de\/en\/wp-json\/wp\/v2\/media?parent=366"}],"wp:term":[{"taxonomy":"product_cat","embeddable":true,"href":"https:\/\/www.trueffelschwein-restaurant.de\/en\/wp-json\/wp\/v2\/product_cat?post=366"},{"taxonomy":"product_tag","embeddable":true,"href":"https:\/\/www.trueffelschwein-restaurant.de\/en\/wp-json\/wp\/v2\/product_tag?post=366"}],"curies":[{"name":"wp","href":"https:\/\/api.w.org\/{rel}","templated":true}]}}