{"id":390,"date":"2021-01-08T11:59:36","date_gmt":"2021-01-08T10:59:36","guid":{"rendered":"http:\/\/www.trueffelschwein-restaurant.de\/?post_type=product&#038;p=390"},"modified":"2022-01-27T16:18:11","modified_gmt":"2022-01-27T15:18:11","slug":"trueffelpasta","status":"publish","type":"product","link":"https:\/\/www.trueffelschwein-restaurant.de\/en\/produkt\/trueffelpasta\/","title":{"rendered":"Tr\u00fcffelpasta"},"content":{"rendered":"<p>Zutaten: Pasta, Gem\u00fcsefond, Parmesan, Salz, Pfeffer, Butter, frischer Tr\u00fcffel<\/p>\n<p>Allergene: Weizen, Sellerie, Laktose<\/p>\n<p>Grundpreis: 145\u20ac \/ kg<\/p>\n<p>Das Gericht besteht aus der Pasta, einer Glacage, Parmesan &amp; Tr\u00fcffel. Die Pasta ist soweit vorbereitet, dass sie nur noch in der Glacage erw\u00e4rmt werden muss.<\/p>\n","protected":false},"excerpt":{"rendered":"<p>Inhalt: 200g<\/p>\n<p>&nbsp;<\/p>\n","protected":false},"featured_media":529,"template":"","meta":[],"product_cat":[39],"product_tag":[],"translation":{"provider":"WPGlobus","version":"2.12.2","language":"en","enabled_languages":["de","en"],"languages":{"de":{"title":true,"content":true,"excerpt":true},"en":{"title":false,"content":false,"excerpt":false}}},"_links":{"self":[{"href":"https:\/\/www.trueffelschwein-restaurant.de\/en\/wp-json\/wp\/v2\/product\/390"}],"collection":[{"href":"https:\/\/www.trueffelschwein-restaurant.de\/en\/wp-json\/wp\/v2\/product"}],"about":[{"href":"https:\/\/www.trueffelschwein-restaurant.de\/en\/wp-json\/wp\/v2\/types\/product"}],"wp:featuredmedia":[{"embeddable":true,"href":"https:\/\/www.trueffelschwein-restaurant.de\/en\/wp-json\/wp\/v2\/media\/529"}],"wp:attachment":[{"href":"https:\/\/www.trueffelschwein-restaurant.de\/en\/wp-json\/wp\/v2\/media?parent=390"}],"wp:term":[{"taxonomy":"product_cat","embeddable":true,"href":"https:\/\/www.trueffelschwein-restaurant.de\/en\/wp-json\/wp\/v2\/product_cat?post=390"},{"taxonomy":"product_tag","embeddable":true,"href":"https:\/\/www.trueffelschwein-restaurant.de\/en\/wp-json\/wp\/v2\/product_tag?post=390"}],"curies":[{"name":"wp","href":"https:\/\/api.w.org\/{rel}","templated":true}]}}